{"id":10597,"date":"2017-04-19T08:44:57","date_gmt":"2017-04-19T08:44:57","guid":{"rendered":"http:\/\/schilddruesen-therapie.ch.w020231b.kasserver.com\/home\/"},"modified":"2021-06-25T21:25:40","modified_gmt":"2021-06-25T19:25:40","slug":"home","status":"publish","type":"page","link":"https:\/\/www.schilddruesen-therapie.ch\/fr\/","title":{"rendered":"Accueil"},"content":{"rendered":"<div class=\"wpb-content-wrapper\"><p>[vc_row][vc_column][rev_slider_vc alias=\u00a0\u00bbpediatrician-home-1&Prime;][\/vc_column][\/vc_row][vc_row row_content_width=\u00a0\u00bbgrid\u00a0\u00bb css=\u00a0\u00bb.vc_custom_1591356059046{padding-top: 120px !important;padding-bottom: 70px !important;}\u00a0\u00bb][vc_column width=\u00a0\u00bb1\/4&Prime; offset=\u00a0\u00bbvc_col-lg-3 vc_col-md-6&Prime;][vc_single_image image=\u00a0\u00bb10569&Prime; img_size=\u00a0\u00bbfull\u00a0\u00bb alignment=\u00a0\u00bbcenter\u00a0\u00bb]<div class=\"mkdf-elements-holder mkdf-one-column mkdf-responsive-mode-768\" ><div class=\"mkdf-eh-item \"  data-item-class=\"mkdf-eh-custom-769366\" data-1280-1600=\"7px 0px 0px\" data-1024-1280=\"16px 0px 0px\" data-768-1024=\"7px 0px 0px\" data-600-768=\"7px 0px 0px\" data-480-600=\"7px 0px 0px\" data-480=\"7px 0px 0px\">\n\t<div class=\"mkdf-eh-item-inner\">\n\t\t<div class=\"mkdf-eh-item-content mkdf-eh-custom-769366\" style=\"padding: 7px 0px 0px\">\n\t\t\t[vc_column_text]<\/p>\n<h3>Thyro\u00efde<\/h3>\n<p>[\/vc_column_text][vc_column_text]D\u00e9couvrez \u00e0 quoi sert la thyro\u00efde et quels dysfonctionnements elle peut avoir.[\/vc_column_text]\t\t<\/div>\n\t<\/div>\n<\/div><\/div><div class=\"mkdf-elements-holder mkdf-one-column mkdf-responsive-mode-768\" ><div class=\"mkdf-eh-item \"  data-item-class=\"mkdf-eh-custom-543156\" data-1280-1600=\"31px 0% 50px\" data-1024-1280=\"40px 0% 50px\">\n\t<div class=\"mkdf-eh-item-inner\">\n\t\t<div class=\"mkdf-eh-item-content mkdf-eh-custom-543156\" style=\"padding: 32px 0% 50px\">\n\t\t\t<a itemprop=\"url\" href=\"http:\/\/schilddruesen-therapie.ch\/fr\/schilddruese\/\" target=\"_self\"  class=\"mkdf-btn mkdf-btn-medium mkdf-btn-solid mkdf-btn-solid-dark mkdf-btn-icon\"  >\n    <span class=\"mkdf-btn-text\">En savoir plus<\/span>\n    <span class=\"mkdf-btn-icon-holder\">\n        <span class=\"mkdf-btn-icon-normal\" ><i class=\"mkdf-icon-ion-icon ion-chevron-right \" ><\/i><\/span>\n        <span class=\"mkdf-btn-icon-flip\" ><i class=\"mkdf-icon-ion-icon ion-chevron-right \" ><\/i><\/span>\n    <\/span>\n<\/a>\t\t<\/div>\n\t<\/div>\n<\/div><\/div>[\/vc_column][vc_column width=\u00a0\u00bb1\/4&Prime; offset=\u00a0\u00bbvc_col-lg-3 vc_col-md-6&Prime;][vc_single_image image=\u00a0\u00bb10565&Prime; img_size=\u00a0\u00bbfull\u00a0\u00bb alignment=\u00a0\u00bbcenter\u00a0\u00bb]<div class=\"mkdf-elements-holder mkdf-one-column mkdf-responsive-mode-768\" ><div class=\"mkdf-eh-item \"  data-item-class=\"mkdf-eh-custom-423061\" data-1280-1600=\"7px 0px 0px\" data-1024-1280=\"16px 0px 0px\" data-768-1024=\"7px 0px 0px\" data-600-768=\"7px 0px 0px\" data-480-600=\"7px 0px 0px\" data-480=\"7px 0px 0px\">\n\t<div class=\"mkdf-eh-item-inner\">\n\t\t<div class=\"mkdf-eh-item-content mkdf-eh-custom-423061\" style=\"padding: 7px 0px 0px\">\n\t\t\t[vc_column_text]<\/p>\n<h3>Nodules thyro\u00efdiens<\/h3>\n<p>[\/vc_column_text][vc_column_text]Tout savoir au sujet des nodules thyro\u00efdiens. Raison, diagnostic, traitement, etc.[\/vc_column_text]\t\t<\/div>\n\t<\/div>\n<\/div><\/div><div class=\"mkdf-elements-holder mkdf-one-column mkdf-responsive-mode-768\" ><div class=\"mkdf-eh-item \"  data-item-class=\"mkdf-eh-custom-824055\" data-1280-1600=\"31px 0% 50px\" data-1024-1280=\"40px 0% 50px\">\n\t<div class=\"mkdf-eh-item-inner\">\n\t\t<div class=\"mkdf-eh-item-content mkdf-eh-custom-824055\" style=\"padding: 32px 0% 50px\">\n\t\t\t<a itemprop=\"url\" href=\"http:\/\/schilddruesen-therapie.ch\/fr\/schilddruesenknoten\/\" target=\"_self\"  class=\"mkdf-btn mkdf-btn-medium mkdf-btn-solid mkdf-btn-solid-dark mkdf-btn-icon\"  >\n    <span class=\"mkdf-btn-text\">En savoir plus<\/span>\n    <span class=\"mkdf-btn-icon-holder\">\n        <span class=\"mkdf-btn-icon-normal\" ><i class=\"mkdf-icon-ion-icon ion-chevron-right \" ><\/i><\/span>\n        <span class=\"mkdf-btn-icon-flip\" ><i class=\"mkdf-icon-ion-icon ion-chevron-right \" ><\/i><\/span>\n    <\/span>\n<\/a>\t\t<\/div>\n\t<\/div>\n<\/div><\/div>[\/vc_column][vc_column width=\u00a0\u00bb1\/4&Prime; offset=\u00a0\u00bbvc_col-lg-3 vc_col-md-6&Prime;][vc_single_image image=\u00a0\u00bb10562&Prime; img_size=\u00a0\u00bbfull\u00a0\u00bb alignment=\u00a0\u00bbcenter\u00a0\u00bb]<div class=\"mkdf-elements-holder mkdf-one-column mkdf-responsive-mode-768\" ><div class=\"mkdf-eh-item \"  data-item-class=\"mkdf-eh-custom-141147\" data-1280-1600=\"7px 0px 0px\" data-1024-1280=\"16px 0px 0px\" data-768-1024=\"7px 0px 0px\" data-600-768=\"7px 0px 0px\" data-480-600=\"7px 0px 0px\" data-480=\"7px 0px 0px\">\n\t<div class=\"mkdf-eh-item-inner\">\n\t\t<div class=\"mkdf-eh-item-content mkdf-eh-custom-141147\" style=\"padding: 7px 0px 0px\">\n\t\t\t[vc_column_text]<\/p>\n<h3>Th\u00e9rapie<\/h3>\n<p>[\/vc_column_text][vc_column_text]Une m\u00e9thode moderne pour un traitement doux avec des avantages uniques.[\/vc_column_text]\t\t<\/div>\n\t<\/div>\n<\/div><\/div><div class=\"mkdf-elements-holder mkdf-one-column mkdf-responsive-mode-768\" ><div class=\"mkdf-eh-item \"  data-item-class=\"mkdf-eh-custom-231270\" data-1280-1600=\"31px 0% 50px\" data-1024-1280=\"40px 0% 50px\">\n\t<div class=\"mkdf-eh-item-inner\">\n\t\t<div class=\"mkdf-eh-item-content mkdf-eh-custom-231270\" style=\"padding: 32px 0% 50px\">\n\t\t\t<a itemprop=\"url\" href=\"http:\/\/schilddruesen-therapie.ch\/fr\/thermoablation\/\" target=\"_self\"  class=\"mkdf-btn mkdf-btn-medium mkdf-btn-solid mkdf-btn-solid-dark mkdf-btn-icon\"  >\n    <span class=\"mkdf-btn-text\">En savoir plus<\/span>\n    <span class=\"mkdf-btn-icon-holder\">\n        <span class=\"mkdf-btn-icon-normal\" ><i class=\"mkdf-icon-ion-icon ion-chevron-right \" ><\/i><\/span>\n        <span class=\"mkdf-btn-icon-flip\" ><i class=\"mkdf-icon-ion-icon ion-chevron-right \" ><\/i><\/span>\n    <\/span>\n<\/a>\t\t<\/div>\n\t<\/div>\n<\/div><\/div>[\/vc_column][vc_column width=\u00a0\u00bb1\/4&Prime;][vc_cta h2=\u00a0\u00bb\u00a0\u00bb add_button=\u00a0\u00bbbottom\u00a0\u00bb btn_title=\u00a0\u00bbContacter maintenant\u00a0\u00bb btn_color=\u00a0\u00bbvista-blue\u00a0\u00bb btn_align=\u00a0\u00bbcenter\u00a0\u00bb btn_i_icon_fontawesome=\u00a0\u00bbfar fa-envelope\u00a0\u00bb add_icon=\u00a0\u00bbtop\u00a0\u00bb i_icon_fontawesome=\u00a0\u00bbfas fa-user-md\u00a0\u00bb i_color=\u00a0\u00bbvista_blue\u00a0\u00bb css_animation=\u00a0\u00bbbounceIn\u00a0\u00bb btn_add_icon=\u00a0\u00bbtrue\u00a0\u00bb btn_link=\u00a0\u00bburl:http%3A%2F%2Fschilddruesen-therapie.ch%2Ffr%2Fkontakt%2F|title:Kontakt||\u00a0\u00bb css=\u00a0\u00bb.vc_custom_1624620669653{background-color: #ffffff !important;border-radius: 20px !important;}\u00a0\u00bb]<\/p>\n<h3 style=\"text-align: center;\"><strong>J&rsquo;ai besoin d&rsquo;une op\u00e9ration, et maintenant ?<\/strong><\/h3>\n<p style=\"text-align: center;\">Obtenez un deuxi\u00e8me avis m\u00e9dical neutre de l&rsquo;un de nos sp\u00e9cialistes.<\/p>\n<p>[\/vc_cta][\/vc_column][\/vc_row][vc_row row_content_width=\u00a0\u00bbgrid\u00a0\u00bb css=\u00a0\u00bb.vc_custom_1492593770012{padding-top: 100px !important;}\u00a0\u00bb simple_background_color=\u00a0\u00bb#fafafa\u00a0\u00bb][vc_column]<div class=\"mkdf-elements-holder mkdf-one-column mkdf-responsive-mode-768\" ><div class=\"mkdf-eh-item \"  data-item-class=\"mkdf-eh-custom-422136\" data-1280-1600=\"0px 15%\" data-1024-1280=\"0px 15%\" data-768-1024=\"0px 5%\" data-600-768=\"0px\" data-480-600=\"0px\" data-480=\"0px\">\n\t<div class=\"mkdf-eh-item-inner\">\n\t\t<div class=\"mkdf-eh-item-content mkdf-eh-custom-422136\" style=\"padding: 0px 15%\">\n\t\t\t<div class=\"mkdf-section-title-holder mkdf-st-standard mkdf-st-title-left mkdf-st-normal-space \" style=\"text-align: center\">\n\t<div class=\"mkdf-st-inner\">\n\t\t\t\t\t<h2 class=\"mkdf-st-title\" >\n\t\t\t\tLa m\u00e9thode de soin douce\t\t\t<\/h2>\n\t\t\t\t\t\t\t<h4 class=\"mkdf-st-text\" >\n\t\t\t\tLa thermoablation des nodules thyro\u00efdiens par radiofr\u00e9quence est un traitement doux et moins invasif qui pr\u00e9sente des avantages uniques.\t\t\t<\/h4>\n\t\t\t<\/div>\n<\/div>\t\t<\/div>\n\t<\/div>\n<\/div><\/div>[vc_empty_space height=\u00a0\u00bb20px\u00a0\u00bb][vc_row_inner][vc_column_inner offset=\u00a0\u00bbvc_col-lg-6 vc_col-xs-12&Prime;]<div class=\"mkdf-elements-holder mkdf-one-column mkdf-responsive-mode-768\" ><div class=\"mkdf-eh-item \"  data-item-class=\"mkdf-eh-custom-977123\" data-1280-1600=\"50px 0px 0px\" data-1024-1280=\"50px 0px 60px\" data-768-1024=\"50px 0px 0px\" data-600-768=\"50px 0px 0px\" data-480-600=\"50px 0px 0px\" data-480=\"50px 0px 0px\">\n\t<div class=\"mkdf-eh-item-inner\">\n\t\t<div class=\"mkdf-eh-item-content mkdf-eh-custom-977123\" style=\"padding: 50px 0px 0px\">\n\t\t\t<div class=\"mkdf-iwt clearfix mkdf-iwt-icon-left mkdf-iwt-icon-medium\">\n\t<div class=\"mkdf-iwt-icon\" >\n\t\t\t\t\t<a itemprop=\"url\" href=\"#\" target=\"_self\">\n\t\t\t\t\t                <img decoding=\"async\" src=\"https:\/\/www.schilddruesen-therapie.ch\/wp-content\/uploads\/2017\/04\/h6-custom-icon-1.png\" alt=\"Custom icon\" style=\"width:50px;height:68px;\"\/>\n\t\t\t\t\t\t\t\t<\/a>\n\t\t\t<\/div>\n\t<div class=\"mkdf-iwt-content\" >\n\t\t\t\t\t<h6 class=\"mkdf-iwt-subtitle\" style=\"color: #5173d5\">\n\t\t\t\tM\u00e9thode\t\t\t<\/h6>\n\t\t\t\t\t\t\t<h5 class=\"mkdf-iwt-title\" >\n\t\t\t\t\t\t\t\t\t<a itemprop=\"url\" href=\"#\" target=\"_self\">\n\t\t\t\t\t\t\t\t<span class=\"mkdf-iwt-title-text\">La thermoablation - Un proc\u00e9d\u00e9 moderne<\/span>\n\t\t\t\t\t\t\t\t\t<\/a>\n\t\t\t\t\t\t\t<\/h5>\n\t\t\t\t\t\t\t<p class=\"mkdf-iwt-text\" >La thermoablation des nodules thyro\u00efdiens par radiofr\u00e9quence est un traitement doux et moins invasif qui pr\u00e9sente des avantages uniques. Les nodules sont simplement piqu\u00e9s avec une aiguille \u00e0 radiofr\u00e9quence sous contr\u00f4le \u00e9chographique. Une incision cutan\u00e9e n'est pas n\u00e9cessaire. L'aiguille est utilis\u00e9e pour g\u00e9n\u00e9rer de la chaleur directement dans les nodules, ce qui oblit\u00e8re le tissu ind\u00e9sirable. Le corps d\u00e9compose automatiquement les nodules ou le tissu oblit\u00e9r\u00e9 dans les mois suivants.<\/p>\n\t\t\t<\/div>\n<\/div>[vc_empty_space height=\u00a0\u00bb30px\u00a0\u00bb]<div class=\"mkdf-iwt clearfix mkdf-iwt-icon-left mkdf-iwt-icon-medium\">\n\t<div class=\"mkdf-iwt-icon\" >\n\t\t\t\t\t<a itemprop=\"url\" href=\"#\" target=\"_self\">\n\t\t\t\t\t                <img decoding=\"async\" src=\"https:\/\/www.schilddruesen-therapie.ch\/wp-content\/uploads\/2017\/04\/h6-custom-icon-2.png\" alt=\"Custom icon\" style=\"width:50px;height:68px;\"\/>\n\t\t\t\t\t\t\t\t<\/a>\n\t\t\t<\/div>\n\t<div class=\"mkdf-iwt-content\" >\n\t\t\t\t\t<h6 class=\"mkdf-iwt-subtitle\" style=\"color: #5173d5\">\n\t\t\t\tPoints forts\t\t\t<\/h6>\n\t\t\t\t\t\t\t<h5 class=\"mkdf-iwt-title\" >\n\t\t\t\t\t\t\t\t\t<a itemprop=\"url\" href=\"#\" target=\"_self\">\n\t\t\t\t\t\t\t\t<span class=\"mkdf-iwt-title-text\">Avantages de l&#039;ablation par radiofr\u00e9quence<\/span>\n\t\t\t\t\t\t\t\t\t<\/a>\n\t\t\t\t\t\t\t<\/h5>\n\t\t\t\t\t\t\t<p class=\"mkdf-iwt-text\" >La thermoablation est une proc\u00e9dure s\u00fbre et particuli\u00e8rement douce. La thyro\u00efde est pr\u00e9serv\u00e9e et une m\u00e9dication \u00e0 long terme n'est pas n\u00e9cessaire. Dans la plupart des cas, il n'y a pratiquement aucune douleur. Imm\u00e9diatement apr\u00e8s l'intervention et dans les jours qui suivent, les patients ne pr\u00e9sentent g\u00e9n\u00e9ralement aucun sympt\u00f4me. Il n'y a pas de cicatrice de l'op\u00e9ration. La grosseur peut se r\u00e9sorber \u00e0 jusqu'\u00e0 90 % en un an.<\/p>\n\t\t\t<\/div>\n<\/div>[vc_empty_space height=\u00a0\u00bb30px\u00a0\u00bb]<div class=\"mkdf-iwt clearfix mkdf-iwt-icon-left mkdf-iwt-icon-medium\">\n\t<div class=\"mkdf-iwt-icon\" >\n\t\t\t\t\t<a itemprop=\"url\" href=\"#\" target=\"_self\">\n\t\t\t\t\t                <img decoding=\"async\" src=\"https:\/\/www.schilddruesen-therapie.ch\/wp-content\/uploads\/2017\/04\/h6-custom-icon-3.png\" alt=\"Custom icon\" style=\"width:50px;height:68px;\"\/>\n\t\t\t\t\t\t\t\t<\/a>\n\t\t\t<\/div>\n\t<div class=\"mkdf-iwt-content\" >\n\t\t\t\t\t<h6 class=\"mkdf-iwt-subtitle\" style=\"color: #5173d5\">\n\t\t\t\tProc\u00e9dure\t\t\t<\/h6>\n\t\t\t\t\t\t\t<h5 class=\"mkdf-iwt-title\" >\n\t\t\t\t\t\t\t\t\t<a itemprop=\"url\" href=\"#\" target=\"_self\">\n\t\t\t\t\t\t\t\t<span class=\"mkdf-iwt-title-text\">Quand la thermoablation peut-elle \u00eatre pratiqu\u00e9e ?<\/span>\n\t\t\t\t\t\t\t\t\t<\/a>\n\t\t\t\t\t\t\t<\/h5>\n\t\t\t\t\t\t\t<p class=\"mkdf-iwt-text\" >Pour \u00e9valuer si un patient est apte \u00e0 recevoir un traitement, un entretien personnel et un examen avec le m\u00e9decin comp\u00e9tent sont n\u00e9cessaires. En r\u00e8gle g\u00e9n\u00e9rale, les nodules thyro\u00efdiens suivants sont consid\u00e9r\u00e9s comme pouvant \u00eatre trait\u00e9s : formations de nodules b\u00e9nins symptomatiques, kystes thyro\u00efdiens symptomatiques, formations de nodules ou de kystes b\u00e9nins \u00e0 croissance rapide, formations de nodules ou de kystes visibles, formation de nodules ``chauds`` (ad\u00e9nomes thyro\u00efdien autonomes) si la radioth\u00e9rapie n'est pas souhait\u00e9e.<\/p>\n\t\t\t<\/div>\n<\/div>\t\t<\/div>\n\t<\/div>\n<\/div><\/div>[\/vc_column_inner][vc_column_inner offset=\u00a0\u00bbvc_col-lg-6 vc_col-xs-12&Prime;]<div class=\"mkdf-elements-holder mkdf-one-column mkdf-responsive-mode-768\" ><div class=\"mkdf-eh-item \"  data-item-class=\"mkdf-eh-custom-598076\" data-1024-1280=\"60px 0px 0px\" data-768-1024=\"0px\" data-600-768=\"0px\" data-480-600=\"0px\" data-480=\"0px\">\n\t<div class=\"mkdf-eh-item-inner\">\n\t\t<div class=\"mkdf-eh-item-content mkdf-eh-custom-598076\" >\n\t\t\t[vc_single_image image=\u00a0\u00bb10582&Prime; img_size=\u00a0\u00bbfull\u00a0\u00bb alignment=\u00a0\u00bbcenter\u00a0\u00bb]\t\t<\/div>\n\t<\/div>\n<\/div><\/div>[\/vc_column_inner][\/vc_row_inner][\/vc_column][\/vc_row][vc_row row_content_width=\u00a0\u00bbgrid\u00a0\u00bb simple_background_color=\u00a0\u00bb#43d5cb\u00a0\u00bb css=\u00a0\u00bb.vc_custom_1594226989123{padding-top: 32px !important;}\u00a0\u00bb][vc_column]<div class=\"mkdf-call-to-action-holder  mkdf-normal-layout mkdf-content-in-grid no-proportion\">\n\t<div class=\"mkdf-cta-inner  mkdf-grid\">\n\t\t<div class=\"mkdf-cta-text-holder\">\n\t\t\t<div class=\"mkdf-cta-text\">\n<h4><span style=\"color: #ffffff; font-size: 25px; line-height: 40px;\">Veuillez nous contacter pour plus d&rsquo;informations ou un deuxi\u00e8me avis<\/span><\/h4>\n<\/div>\n\t\t<\/div>\n\t\t<div class=\"mkdf-cta-button-holder\" >\n\t\t\t\t\t\t<div class=\"mkdf-cta-button\"><a itemprop=\"url\" href=\"http:\/\/schilddruesen-therapie.ch\/fr\/kontakt\/\" target=\"_self\"  class=\"mkdf-btn mkdf-btn-medium mkdf-btn-solid mkdf-btn-solid-light mkdf-btn-icon\"  >    <span class=\"mkdf-btn-text\">Contactez-nous d\u00e8s maintenant<\/span>    <span class=\"mkdf-btn-icon-holder\">        <span class=\"mkdf-btn-icon-normal\" ><i class=\"mkdf-icon-ion-icon ion-chevron-right \" ><\/i><\/span>        <span class=\"mkdf-btn-icon-flip\" ><i class=\"mkdf-icon-ion-icon ion-chevron-right \" ><\/i><\/span>    <\/span><\/a><\/div>\n\t\t<\/div>\n\t<\/div>\n<\/div>[\/vc_column][\/vc_row]<\/p>\n<\/div>","protected":false},"excerpt":{"rendered":"<p>[vc_row][vc_column][rev_slider_vc alias=\u00a0\u00bbpediatrician-home-1&Prime;][\/vc_column][\/vc_row][vc_row row_content_width=\u00a0\u00bbgrid\u00a0\u00bb css=\u00a0\u00bb.vc_custom_1591356059046{padding-top: 120px !important;padding-bottom: 70px !important;}\u00a0\u00bb][vc_column width=\u00a0\u00bb1\/4&Prime; offset=\u00a0\u00bbvc_col-lg-3 vc_col-md-6&Prime;][vc_single_image image=\u00a0\u00bb10569&Prime; img_size=\u00a0\u00bbfull\u00a0\u00bb alignment=\u00a0\u00bbcenter\u00a0\u00bb][\/vc_column][vc_column width=\u00a0\u00bb1\/4&Prime; offset=\u00a0\u00bbvc_col-lg-3 vc_col-md-6&Prime;][vc_single_image image=\u00a0\u00bb10565&Prime; img_size=\u00a0\u00bbfull\u00a0\u00bb alignment=\u00a0\u00bbcenter\u00a0\u00bb][\/vc_column][vc_column width=\u00a0\u00bb1\/4&Prime; offset=\u00a0\u00bbvc_col-lg-3 vc_col-md-6&Prime;][vc_single_image image=\u00a0\u00bb10562&Prime; img_size=\u00a0\u00bbfull\u00a0\u00bb alignment=\u00a0\u00bbcenter\u00a0\u00bb][\/vc_column][vc_column width=\u00a0\u00bb1\/4&Prime;][vc_cta h2=\u00a0\u00bb\u00a0\u00bb add_button=\u00a0\u00bbbottom\u00a0\u00bb btn_title=\u00a0\u00bbContacter maintenant\u00a0\u00bb btn_color=\u00a0\u00bbvista-blue\u00a0\u00bb btn_align=\u00a0\u00bbcenter\u00a0\u00bb btn_i_icon_fontawesome=\u00a0\u00bbfar fa-envelope\u00a0\u00bb add_icon=\u00a0\u00bbtop\u00a0\u00bb i_icon_fontawesome=\u00a0\u00bbfas fa-user-md\u00a0\u00bb i_color=\u00a0\u00bbvista_blue\u00a0\u00bb css_animation=\u00a0\u00bbbounceIn\u00a0\u00bb [&hellip;]<\/p>\n","protected":false},"author":1,"featured_media":0,"parent":0,"menu_order":0,"comment_status":"closed","ping_status":"closed","template":"full-width.php","meta":{"footnotes":""},"class_list":["post-10597","page","type-page","status-publish","hentry"],"_links":{"self":[{"href":"https:\/\/www.schilddruesen-therapie.ch\/fr\/wp-json\/wp\/v2\/pages\/10597","targetHints":{"allow":["GET"]}}],"collection":[{"href":"https:\/\/www.schilddruesen-therapie.ch\/fr\/wp-json\/wp\/v2\/pages"}],"about":[{"href":"https:\/\/www.schilddruesen-therapie.ch\/fr\/wp-json\/wp\/v2\/types\/page"}],"author":[{"embeddable":true,"href":"https:\/\/www.schilddruesen-therapie.ch\/fr\/wp-json\/wp\/v2\/users\/1"}],"replies":[{"embeddable":true,"href":"https:\/\/www.schilddruesen-therapie.ch\/fr\/wp-json\/wp\/v2\/comments?post=10597"}],"version-history":[{"count":8,"href":"https:\/\/www.schilddruesen-therapie.ch\/fr\/wp-json\/wp\/v2\/pages\/10597\/revisions"}],"predecessor-version":[{"id":10746,"href":"https:\/\/www.schilddruesen-therapie.ch\/fr\/wp-json\/wp\/v2\/pages\/10597\/revisions\/10746"}],"wp:attachment":[{"href":"https:\/\/www.schilddruesen-therapie.ch\/fr\/wp-json\/wp\/v2\/media?parent=10597"}],"curies":[{"name":"wp","href":"https:\/\/api.w.org\/{rel}","templated":true}]}}