{"id":10605,"date":"2017-04-21T14:32:54","date_gmt":"2017-04-21T12:32:54","guid":{"rendered":"http:\/\/schilddruesen-therapie.ch.w020231b.kasserver.com\/schilddruese\/"},"modified":"2021-06-25T14:02:47","modified_gmt":"2021-06-25T12:02:47","slug":"schilddruese","status":"publish","type":"page","link":"https:\/\/www.schilddruesen-therapie.ch\/fr\/schilddruese\/","title":{"rendered":"Thyro\u00efde"},"content":{"rendered":"<div class=\"wpb-content-wrapper\"><p>[vc_row row_content_width=\u00a0\u00bbgrid\u00a0\u00bb content_text_aligment=\u00a0\u00bbcenter\u00a0\u00bb css=\u00a0\u00bb.vc_custom_1624621633038{padding-top: 83px !important;padding-bottom: 15px !important;}\u00a0\u00bb][vc_column]<div class=\"mkdf-elements-holder mkdf-one-column mkdf-responsive-mode-768\" ><div class=\"mkdf-eh-item mkdf-horizontal-alignment-center\"  data-item-class=\"mkdf-eh-custom-358694\" data-1280-1600=\"0px 12% 0px\" data-1024-1280=\"0px 8% 0px\" data-768-1024=\"0px 0%\" data-600-768=\"0px 0%\" data-480-600=\"0px 0%\" data-480=\"0px 0%\">\n\t<div class=\"mkdf-eh-item-inner\">\n\t\t<div class=\"mkdf-eh-item-content mkdf-eh-custom-358694\" style=\"padding: 0px 12% 0px\">\n\t\t\t<div class=\"mkdf-section-title-holder mkdf-st-standard mkdf-st-title-left mkdf-st-normal-space \" style=\"text-align: center\">\n\t<div class=\"mkdf-st-inner\">\n\t\t\t\t\t<h1 class=\"mkdf-st-title\" >\n\t\t\t\tLa thyro\u00efde et sa fonction\t\t\t<\/h1>\n\t\t\t\t\t\t\t<h4 class=\"mkdf-st-text\" style=\"font-size: 19px;font-weight: 300\">\n\t\t\t\tElle a la forme d'un papillon, la taille d'une noix et est l'un des organes les plus importants de notre corps : la glande thyro\u00efde influence l'ensemble de notre organisme gr\u00e2ce \u00e0 diverses hormones qui sont s\u00e9cr\u00e9t\u00e9es en permanence et assurent des processus r\u00e9gul\u00e9s.\t\t\t<\/h4>\n\t\t\t<\/div>\n<\/div>[vc_empty_space height=\u00a0\u00bb20px\u00a0\u00bb]\t\t<\/div>\n\t<\/div>\n<\/div><\/div>[\/vc_column][\/vc_row][vc_row row_content_width=\u00a0\u00bbgrid\u00a0\u00bb css=\u00a0\u00bb.vc_custom_1494254806818{padding-top: 82px !important;}\u00a0\u00bb simple_background_color=\u00a0\u00bb#fafafa\u00a0\u00bb][vc_column offset=\u00a0\u00bbvc_col-lg-6 vc_col-xs-12&Prime;]<div class=\"mkdf-section-title-holder mkdf-st-standard mkdf-st-title-left mkdf-st-normal-space mkdf-st-disable-title-break\" >\n\t<div class=\"mkdf-st-inner\">\n\t\t\t\t\t<h2 class=\"mkdf-st-title\" >\n\t\t\t\t<span class=\"mkdf-st-title-light\">Qu'est-ce<\/span> <span class=\"mkdf-st-title-light\">que<\/span> <span class=\"mkdf-st-title-light\">la<\/span> <span class=\"mkdf-st-title-light\">thyro\u00efde<\/span><br \/> et comment fonctionne-t-elle ?\t\t\t<\/h2>\n\t\t\t\t\t<\/div>\n<\/div>[vc_column_text]La glande thyro\u00efde est une glande hormonale situ\u00e9e dans le cou, sous le larynx et devant la trach\u00e9e.<\/p>\n<p>Les principales fonctions de la thyro\u00efde sont le stockage de l&rsquo;iode et la production des hormones thyro\u00efdiennes contenant de l&rsquo;iode, la triiodothyronine et la thyroxine, ainsi que l&rsquo;hormone peptidique appel\u00e9e calcitonine. Les hormones thyro\u00efdiennes contenant de l&rsquo;iode jouent un r\u00f4le important dans le m\u00e9tabolisme \u00e9nerg\u00e9tique, dans la croissance des cellules et dans l&rsquo;organisme tout entier. La calcitonine inhibe la r\u00e9sorption osseuse en fixant le calcium et le phosphate sur les os.<\/p>\n<p>Dans le m\u00eame temps, les hormones thyro\u00efdiennes peuvent \u00e9galement influencer les performances g\u00e9n\u00e9rales, le syst\u00e8me cardiovasculaire, la digestion et le psychisme.<\/p>\n<p>La glande thyro\u00efde est le foyer de nombreuses maladies qui peuvent, entre autres, entra\u00eener des troubles du m\u00e9tabolisme hormonal et provoquer une hypothyro\u00efdie ou une hyperthyro\u00efdie.[\/vc_column_text][vc_empty_space height=\u00a0\u00bb12px\u00a0\u00bb][\/vc_column][vc_column offset=\u00a0\u00bbvc_col-lg-6 vc_col-xs-12&Prime; css=\u00a0\u00bb.vc_custom_1494232545525{margin-top: -70px !important;}\u00a0\u00bb]<div class=\"mkdf-elements-holder mkdf-one-column mkdf-responsive-mode-768\" ><div class=\"mkdf-eh-item \"  data-item-class=\"mkdf-eh-custom-170103\" data-1280-1600=\"40px 0px 0px\" data-1024-1280=\"100px 0px 0px\" data-768-1024=\"60px 0px 0px\" data-600-768=\"0px\" data-480-600=\"0px\" data-480=\"0px\">\n\t<div class=\"mkdf-eh-item-inner\">\n\t\t<div class=\"mkdf-eh-item-content mkdf-eh-custom-170103\" >\n\t\t\t[vc_single_image image=\u00a0\u00bb10584&Prime; img_size=\u00a0\u00bbfull\u00a0\u00bb alignment=\u00a0\u00bbcenter\u00a0\u00bb]\t\t<\/div>\n\t<\/div>\n<\/div><\/div>[\/vc_column][\/vc_row][vc_row row_content_width=\u00a0\u00bbgrid\u00a0\u00bb css=\u00a0\u00bb.vc_custom_1593024798323{padding-top: 40px !important;padding-bottom: 0px !important;}\u00a0\u00bb][vc_column offset=\u00a0\u00bbvc_col-lg-6 vc_col-md-12 vc_col-xs-12&Prime;][vc_single_image image=\u00a0\u00bb10573&Prime; img_size=\u00a0\u00bbfull\u00a0\u00bb alignment=\u00a0\u00bbcenter\u00a0\u00bb][\/vc_column][vc_column offset=\u00a0\u00bbvc_col-lg-6 vc_col-xs-12&Prime;]<div class=\"mkdf-elements-holder mkdf-one-column mkdf-responsive-mode-768\" ><div class=\"mkdf-eh-item \"  data-item-class=\"mkdf-eh-custom-522454\" data-1280-1600=\"52px 0% 0px\" data-1024-1280=\"38px 0% 0px\" data-768-1024=\"0px 0%\" data-600-768=\"0px 0%\" data-480-600=\"0px 0%\" data-480=\"0px 0%\">\n\t<div class=\"mkdf-eh-item-inner\">\n\t\t<div class=\"mkdf-eh-item-content mkdf-eh-custom-522454\" style=\"padding: 40px 0% 0px\">\n\t\t\t[vc_column_text css=\u00a0\u00bb.vc_custom_1624621839639{margin-top: -18px !important;padding-bottom: 2px !important;}\u00a0\u00bb]<\/p>\n<h3>Thyro\u00efde insuffisamment active (hypothyro\u00efdie)<\/h3>\n<p>[\/vc_column_text][vc_column_text]L&rsquo;hypothyro\u00efdie est un apport insuffisant du corps en hormones thyro\u00efdiennes triiodothyronine (T3) et thyroxine (T4). Dans la plupart des cas, une glande thyro\u00efde inactive en est responsable. Dans ce contexte hormonal, de nombreuses fonctions m\u00e9taboliques de l&rsquo;organisme fonctionnent plus lentement qu&rsquo;\u00e0 l&rsquo;accoutum\u00e9. Il en r\u00e9sulte une baisse des performances physiques et mentales.[\/vc_column_text]\t\t<\/div>\n\t<\/div>\n<\/div><\/div>[\/vc_column][vc_column]<div class=\"mkdf-elements-holder mkdf-one-column mkdf-responsive-mode-768\" ><div class=\"mkdf-eh-item \"  data-item-class=\"mkdf-eh-custom-154120\" data-1280-1600=\"52px 0% 0px\" data-1024-1280=\"39px 0% 0px\" data-768-1024=\"0px 0%\" data-600-768=\"0px 0%\" data-480-600=\"0px 0%\" data-480=\"0px 0%\">\n\t<div class=\"mkdf-eh-item-inner\">\n\t\t<div class=\"mkdf-eh-item-content mkdf-eh-custom-154120\" style=\"padding: 52px 0% 0px\">\n\t\t\t[vc_column_text css=\u00a0\u00bb.vc_custom_1624621881591{padding-bottom: 2px !important;}\u00a0\u00bb]<\/p>\n<h3>Sympt\u00f4mes d&rsquo;hypothyro\u00efdie ?<\/h3>\n<p>[\/vc_column_text][vc_column_text]Les personnes touch\u00e9es par l&rsquo;hypothyro\u00efdie se sentent souvent fatigu\u00e9es et apathiques, se plaignent de probl\u00e8mes de concentration et d&rsquo;une mauvaise m\u00e9moire. Les autres sympt\u00f4mes possibles de l&rsquo;hypofonctionnement sont une sensibilit\u00e9 accrue au froid, un pouls ralenti et une pression art\u00e9rielle basse, des irr\u00e9gularit\u00e9s menstruelles chez les femmes et la constipation. En outre, les personnes concern\u00e9es ont souvent les cheveux ternes et perdent leurs cheveux, les ongles sont cassants et la peau est s\u00e8che.[\/vc_column_text]\t\t<\/div>\n\t<\/div>\n<\/div><\/div><div class=\"mkdf-elements-holder mkdf-one-column mkdf-responsive-mode-768\" ><div class=\"mkdf-eh-item \"  data-item-class=\"mkdf-eh-custom-872721\" data-1280-1600=\"52px 0% 0px\" data-1024-1280=\"39px 0% 0px\" data-768-1024=\"0px 0%\" data-600-768=\"0px 0%\" data-480-600=\"0px 0%\" data-480=\"0px 0%\">\n\t<div class=\"mkdf-eh-item-inner\">\n\t\t<div class=\"mkdf-eh-item-content mkdf-eh-custom-872721\" style=\"padding: 52px 0% 0px\">\n\t\t\t[vc_column_text css=\u00a0\u00bb.vc_custom_1624621931117{padding-bottom: 2px !important;}\u00a0\u00bb]<\/p>\n<h3>Quelle sont les causes de l&rsquo;hypothyro\u00efdie ?<\/h3>\n<p>[\/vc_column_text][vc_column_text]La cause la plus fr\u00e9quente de l&rsquo;hypothyro\u00efdie est une maladie inflammatoire auto-immune de la thyro\u00efde. Dans ce cas, l&rsquo;hypofonctionnement se d\u00e9veloppe g\u00e9n\u00e9ralement de mani\u00e8re inaper\u00e7ue et insidieuse au fil des ann\u00e9es.<\/p>\n<p>Les interventions th\u00e9rapeutiques, telles que la chirurgie thyro\u00efdienne ou la th\u00e9rapie par l&rsquo;iode radioactif, sont une autre cause fr\u00e9quente d&rsquo;hypothyro\u00efdie : dans ces m\u00e9thodes de traitement, les tissus sains ne peuvent pas \u00eatre prot\u00e9g\u00e9s de mani\u00e8re pr\u00e9cise, de sorte que de grandes parties du tissu thyro\u00efdien sont souvent d\u00e9truites et qu&rsquo;il n&rsquo;y a ensuite plus assez de tissu pour fournir \u00e0 l&rsquo;organisme suffisamment d&rsquo;hormones thyro\u00efdiennes.[\/vc_column_text]\t\t<\/div>\n\t<\/div>\n<\/div><\/div><div class=\"mkdf-elements-holder mkdf-one-column mkdf-responsive-mode-768\" ><div class=\"mkdf-eh-item \"  data-item-class=\"mkdf-eh-custom-455292\" data-1280-1600=\"52px 0% 0px\" data-1024-1280=\"39px 0% 0px\" data-768-1024=\"0px 0%\" data-600-768=\"0px 0%\" data-480-600=\"0px 0%\" data-480=\"0px 0%\">\n\t<div class=\"mkdf-eh-item-inner\">\n\t\t<div class=\"mkdf-eh-item-content mkdf-eh-custom-455292\" style=\"padding: 52px 0% 0px\">\n\t\t\t[vc_column_text css=\u00a0\u00bb.vc_custom_1624621977355{padding-bottom: 2px !important;}\u00a0\u00bb]<\/p>\n<h3>Traitement de l&rsquo;hypothyro\u00efdie ?<\/h3>\n<p>[\/vc_column_text][vc_column_text]Le traitement de l&rsquo;hypothyro\u00efdie s&rsquo;accompagne g\u00e9n\u00e9ralement d&rsquo;une prise de comprim\u00e9s \u00e0 vie. Ceux-ci remplacent l&rsquo;hormone thyro\u00efdienne manquante et sont adapt\u00e9s individuellement au patient.<\/p>\n<p>\u00c9tant donn\u00e9 que les besoins en hormones du corps peuvent changer avec l&rsquo;\u00e2ge, il est conseill\u00e9 aux personnes concern\u00e9es de v\u00e9rifier r\u00e9guli\u00e8rement la fonction thyro\u00efdienne et de prendre les m\u00e9dicaments appropri\u00e9s.[\/vc_column_text]\t\t<\/div>\n\t<\/div>\n<\/div><\/div>[\/vc_column][\/vc_row][vc_row row_content_width=\u00a0\u00bbgrid\u00a0\u00bb css=\u00a0\u00bb.vc_custom_1593024807720{padding-top: 40px !important;padding-bottom: 0px !important;}\u00a0\u00bb][vc_column offset=\u00a0\u00bbvc_col-lg-6 vc_col-md-12 vc_col-xs-12&Prime;]<div class=\"mkdf-elements-holder mkdf-one-column mkdf-responsive-mode-768\" ><div class=\"mkdf-eh-item \"  data-item-class=\"mkdf-eh-custom-364599\" data-1280-1600=\"52px 0% 0px\" data-1024-1280=\"38px 0% 0px\" data-768-1024=\"0px 0%\" data-600-768=\"0px 0%\" data-480-600=\"0px 0%\" data-480=\"0px 0%\">\n\t<div class=\"mkdf-eh-item-inner\">\n\t\t<div class=\"mkdf-eh-item-content mkdf-eh-custom-364599\" style=\"padding: 40px 0% 0px\">\n\t\t\t[vc_column_text css=\u00a0\u00bb.vc_custom_1624622038458{margin-top: -18px !important;padding-bottom: 2px !important;}\u00a0\u00bb]<\/p>\n<h3>Thyro\u00efde hyperactive (hyperthyro\u00efdie)<\/h3>\n<p>[\/vc_column_text][vc_column_text]Il s&rsquo;agit d&rsquo;un hyperfonctionnement pathologique de la thyro\u00efde, qui se manifeste par une production excessive d&rsquo;hormones thyro\u00efdiennes, de sorte qu&rsquo;une surabondance corr\u00e9lative se produit dans l&rsquo;organisme. Par cons\u00e9quent, elle peut provoquer divers sympt\u00f4mes tels que des sueurs abondantes, une acc\u00e9l\u00e9ration du rythme cardiaque et d&rsquo;autres arythmies cardiaques, une perte de poids, une sensation de faim constante, de la nervosit\u00e9, une fatigue rapide et des tremblements. Les causes les plus courantes de l&rsquo;hyperthyro\u00efdie sont la maladie de Basedow (qui se traduit par des globes oculaires saillants) et l&rsquo;autonomie de la fonction thyro\u00efdienne, qui sont toutes deux associ\u00e9es \u00e0 une production accrue d&rsquo;hormones thyro\u00efdiennes et \u00e9ventuellement \u00e0 un goitre.[\/vc_column_text]\t\t<\/div>\n\t<\/div>\n<\/div><\/div>[\/vc_column][vc_column offset=\u00a0\u00bbvc_col-lg-6 vc_col-xs-12&Prime;][vc_single_image image=\u00a0\u00bb10574&Prime; img_size=\u00a0\u00bbfull\u00a0\u00bb alignment=\u00a0\u00bbcenter\u00a0\u00bb][\/vc_column][\/vc_row][vc_row row_content_width=\u00a0\u00bbgrid\u00a0\u00bb css=\u00a0\u00bb.vc_custom_1598205901457{padding-top: 68px !important;padding-bottom: 68px !important;}\u00a0\u00bb][vc_column offset=\u00a0\u00bbvc_col-md-4 vc_col-xs-12&Prime;][vc_column_text]<\/p>\n<h3>Nodules thyro\u00efdiens<\/h3>\n<p>[\/vc_column_text][vc_column_text]Tout savoir au sujet des nodules thyro\u00efdiens[\/vc_column_text][vc_empty_space height=\u00a0\u00bb30px\u00a0\u00bb]<a itemprop=\"url\" href=\"http:\/\/schilddruesen-therapie.ch\/fr\/schilddruesenknoten\/\" target=\"_self\"  class=\"mkdf-btn mkdf-btn-medium mkdf-btn-solid mkdf-btn-solid-dark mkdf-btn-icon\"  >\n    <span class=\"mkdf-btn-text\">En savoir plus<\/span>\n    <span class=\"mkdf-btn-icon-holder\">\n        <span class=\"mkdf-btn-icon-normal\" ><i class=\"mkdf-icon-ion-icon ion-chevron-right \" ><\/i><\/span>\n        <span class=\"mkdf-btn-icon-flip\" ><i class=\"mkdf-icon-ion-icon ion-chevron-right \" ><\/i><\/span>\n    <\/span>\n<\/a>[vc_empty_space height=\u00a0\u00bb30px\u00a0\u00bb][\/vc_column][vc_column offset=\u00a0\u00bbvc_col-md-4 vc_col-xs-12&Prime;][vc_column_text]<\/p>\n<h3>En savoir plus sur le traitement\/la th\u00e9rapie<\/h3>\n<p>[\/vc_column_text][vc_column_text]Une m\u00e9thode moderne pour un traitement doux aux avantages uniques[\/vc_column_text][vc_empty_space height=\u00a0\u00bb30px\u00a0\u00bb]<a itemprop=\"url\" href=\"http:\/\/schilddruesen-therapie.ch\/fr\/thermoablation\/\" target=\"_self\"  class=\"mkdf-btn mkdf-btn-medium mkdf-btn-solid mkdf-btn-solid-dark mkdf-btn-icon\"  >\n    <span class=\"mkdf-btn-text\">En savoir plus<\/span>\n    <span class=\"mkdf-btn-icon-holder\">\n        <span class=\"mkdf-btn-icon-normal\" ><i class=\"mkdf-icon-ion-icon ion-chevron-right \" ><\/i><\/span>\n        <span class=\"mkdf-btn-icon-flip\" ><i class=\"mkdf-icon-ion-icon ion-chevron-right \" ><\/i><\/span>\n    <\/span>\n<\/a>[vc_empty_space height=\u00a0\u00bb30px\u00a0\u00bb][\/vc_column][vc_column offset=\u00a0\u00bbvc_col-md-4 vc_col-xs-12&Prime;][vc_column_text]<\/p>\n<h3>En savoir plus sur nos sp\u00e9cialistes confirm\u00e9s<\/h3>\n<p>[\/vc_column_text][vc_column_text]<\/p>\n<p class=\"mkdf-st-text\">Vous \u00eates entre de bonnes mains en ce qui concerne tous les probl\u00e8mes dans ce domaine<\/p>\n<p>[\/vc_column_text][vc_empty_space height=\u00a0\u00bb30px\u00a0\u00bb]<a itemprop=\"url\" href=\"http:\/\/schilddruesen-therapie.ch\/fr\/aerzte\/\" target=\"_self\"  class=\"mkdf-btn mkdf-btn-medium mkdf-btn-solid mkdf-btn-solid-dark mkdf-btn-icon\"  >\n    <span class=\"mkdf-btn-text\">En savoir plus<\/span>\n    <span class=\"mkdf-btn-icon-holder\">\n        <span class=\"mkdf-btn-icon-normal\" ><i class=\"mkdf-icon-ion-icon ion-chevron-right \" ><\/i><\/span>\n        <span class=\"mkdf-btn-icon-flip\" ><i class=\"mkdf-icon-ion-icon ion-chevron-right \" ><\/i><\/span>\n    <\/span>\n<\/a>[vc_empty_space height=\u00a0\u00bb30px\u00a0\u00bb][\/vc_column][\/vc_row]<\/p>\n<\/div>","protected":false},"excerpt":{"rendered":"<p>[vc_row row_content_width=\u00a0\u00bbgrid\u00a0\u00bb content_text_aligment=\u00a0\u00bbcenter\u00a0\u00bb css=\u00a0\u00bb.vc_custom_1624621633038{padding-top: 83px !important;padding-bottom: 15px !important;}\u00a0\u00bb][vc_column][\/vc_column][\/vc_row][vc_row row_content_width=\u00a0\u00bbgrid\u00a0\u00bb css=\u00a0\u00bb.vc_custom_1494254806818{padding-top: 82px !important;}\u00a0\u00bb simple_background_color=\u00a0\u00bb#fafafa\u00a0\u00bb][vc_column offset=\u00a0\u00bbvc_col-lg-6 vc_col-xs-12&Prime;][vc_column_text]La glande thyro\u00efde est une glande hormonale situ\u00e9e dans le cou, sous le larynx et devant la trach\u00e9e. Les principales fonctions de la thyro\u00efde sont le [&hellip;]<\/p>\n","protected":false},"author":1,"featured_media":0,"parent":0,"menu_order":0,"comment_status":"closed","ping_status":"closed","template":"full-width.php","meta":{"footnotes":""},"class_list":["post-10605","page","type-page","status-publish","hentry"],"_links":{"self":[{"href":"https:\/\/www.schilddruesen-therapie.ch\/fr\/wp-json\/wp\/v2\/pages\/10605","targetHints":{"allow":["GET"]}}],"collection":[{"href":"https:\/\/www.schilddruesen-therapie.ch\/fr\/wp-json\/wp\/v2\/pages"}],"about":[{"href":"https:\/\/www.schilddruesen-therapie.ch\/fr\/wp-json\/wp\/v2\/types\/page"}],"author":[{"embeddable":true,"href":"https:\/\/www.schilddruesen-therapie.ch\/fr\/wp-json\/wp\/v2\/users\/1"}],"replies":[{"embeddable":true,"href":"https:\/\/www.schilddruesen-therapie.ch\/fr\/wp-json\/wp\/v2\/comments?post=10605"}],"version-history":[{"count":8,"href":"https:\/\/www.schilddruesen-therapie.ch\/fr\/wp-json\/wp\/v2\/pages\/10605\/revisions"}],"predecessor-version":[{"id":10613,"href":"https:\/\/www.schilddruesen-therapie.ch\/fr\/wp-json\/wp\/v2\/pages\/10605\/revisions\/10613"}],"wp:attachment":[{"href":"https:\/\/www.schilddruesen-therapie.ch\/fr\/wp-json\/wp\/v2\/media?parent=10605"}],"curies":[{"name":"wp","href":"https:\/\/api.w.org\/{rel}","templated":true}]}}