{"id":10623,"date":"2020-06-05T17:07:31","date_gmt":"2020-06-05T15:07:31","guid":{"rendered":"http:\/\/schilddruesen-therapie.ch.w020231b.kasserver.com\/thermoablation\/"},"modified":"2021-06-25T14:30:15","modified_gmt":"2021-06-25T12:30:15","slug":"thermoablation","status":"publish","type":"page","link":"https:\/\/www.schilddruesen-therapie.ch\/fr\/thermoablation\/","title":{"rendered":"Th\u00e9rapie\/Thermoablation"},"content":{"rendered":"<div class=\"wpb-content-wrapper\"><p>[vc_row row_content_width=\u00a0\u00bbgrid\u00a0\u00bb content_text_aligment=\u00a0\u00bbcenter\u00a0\u00bb css=\u00a0\u00bb.vc_custom_1494253612747{padding-top: 83px !important;padding-bottom: 15px !important;}\u00a0\u00bb][vc_column]<div class=\"mkdf-elements-holder mkdf-one-column mkdf-responsive-mode-768\" ><div class=\"mkdf-eh-item mkdf-horizontal-alignment-center\"  data-item-class=\"mkdf-eh-custom-558327\" data-1280-1600=\"0px 12% 0px\" data-1024-1280=\"0px 8% 0px\" data-768-1024=\"0px 0%\" data-600-768=\"0px 0%\" data-480-600=\"0px 0%\" data-480=\"0px 0%\">\n\t<div class=\"mkdf-eh-item-inner\">\n\t\t<div class=\"mkdf-eh-item-content mkdf-eh-custom-558327\" style=\"padding: 0px 12% 0px\">\n\t\t\t<div class=\"mkdf-section-title-holder mkdf-st-standard mkdf-st-title-left mkdf-st-normal-space \" style=\"text-align: center\">\n\t<div class=\"mkdf-st-inner\">\n\t\t\t\t\t<h1 class=\"mkdf-st-title\" >\n\t\t\t\tTh\u00e9rapie par thermoablation\t\t\t<\/h1>\n\t\t\t\t\t\t\t<h4 class=\"mkdf-st-text\" style=\"font-size: 19px;font-weight: 300\">\n\t\t\t\tL'alternative douce \u00e0 la chirurgie pour les nodules thyro\u00efdiens b\u00e9nins.\t\t\t<\/h4>\n\t\t\t<\/div>\n<\/div>[vc_empty_space height=\u00a0\u00bb20px\u00a0\u00bb]\t\t<\/div>\n\t<\/div>\n<\/div><\/div>[\/vc_column][\/vc_row][vc_row row_content_width=\u00a0\u00bbgrid\u00a0\u00bb css=\u00a0\u00bb.vc_custom_1593025094484{padding-top: 36px !important;}\u00a0\u00bb simple_background_color=\u00a0\u00bb#fafafa\u00a0\u00bb][vc_column offset=\u00a0\u00bbvc_col-lg-6 vc_col-xs-12&Prime;]<div class=\"mkdf-section-title-holder mkdf-st-standard mkdf-st-title-left mkdf-st-normal-space mkdf-st-disable-title-break\" >\n\t<div class=\"mkdf-st-inner\">\n\t\t\t\t\t<h2 class=\"mkdf-st-title\" >\n\t\t\t\t<span class=\"mkdf-st-title-light\">Qu'est-ce<\/span> <span class=\"mkdf-st-title-light\">qu'une<\/span> <span class=\"mkdf-st-title-light\">thermoablation<\/span> <span class=\"mkdf-st-title-light\">?<\/span><br \/>\t\t\t<\/h2>\n\t\t\t\t\t<\/div>\n<\/div>[vc_column_text]Le terme thermoablation est compos\u00e9 du grec \u00ab\u00a0therm\u00f3s\u00a0\u00bb (allemand : ti\u00e8de, chaud) et du latin \u00ab\u00a0ablatio\u00a0\u00bb (allemand : ablation, retrait). Par cons\u00e9quent, la thermoablation d\u00e9signe les m\u00e9thodes de traitement m\u00e9dical consistant \u00e0 scl\u00e9roser les tissus par la chaleur. Ce r\u00e9sultat est obtenu en chauffant localement le tissu cible \u00e0 plus de 60 degr\u00e9s Celsius. \u00c0 cette fin, une sonde thermique sp\u00e9ciale est ins\u00e9r\u00e9e dans le nodule thyro\u00efdien sous guidage \u00e9chographique. Le nodule est d\u00e9truit avec une pr\u00e9cision extr\u00eame en chauffant la pointe de la sonde.[\/vc_column_text][\/vc_column][vc_column offset=\u00a0\u00bbvc_col-lg-6 vc_col-xs-12&Prime; css=\u00a0\u00bb.vc_custom_1494232545525{margin-top: -70px !important;}\u00a0\u00bb]<div class=\"mkdf-elements-holder mkdf-one-column mkdf-responsive-mode-768\" ><div class=\"mkdf-eh-item \"  data-item-class=\"mkdf-eh-custom-887911\" data-1280-1600=\"40px 0px 0px\" data-1024-1280=\"100px 0px 0px\" data-768-1024=\"60px 0px 0px\" data-600-768=\"0px\" data-480-600=\"0px\" data-480=\"0px\">\n\t<div class=\"mkdf-eh-item-inner\">\n\t\t<div class=\"mkdf-eh-item-content mkdf-eh-custom-887911\" >\n\t\t\t[vc_single_image image=\u00a0\u00bb10583&Prime; img_size=\u00a0\u00bbfull\u00a0\u00bb alignment=\u00a0\u00bbcenter\u00a0\u00bb style=\u00a0\u00bbvc_box_rounded\u00a0\u00bb css=\u00a0\u00bb.vc_custom_1594322373050{padding-bottom: 20px !important;}\u00a0\u00bb]\t\t<\/div>\n\t<\/div>\n<\/div><\/div>[\/vc_column][\/vc_row][vc_row row_content_width=\u00a0\u00bbgrid\u00a0\u00bb css=\u00a0\u00bb.vc_custom_1593025105082{padding-top: 20px !important;padding-bottom: 38px !important;}\u00a0\u00bb][vc_column]<div class=\"mkdf-elements-holder mkdf-one-column mkdf-responsive-mode-768\" ><div class=\"mkdf-eh-item \"  data-item-class=\"mkdf-eh-custom-257232\" data-1280-1600=\"52px 0% 0px\" data-1024-1280=\"39px 0% 0px\" data-768-1024=\"0px 0%\" data-600-768=\"0px 0%\" data-480-600=\"0px 0%\" data-480=\"0px 0%\">\n\t<div class=\"mkdf-eh-item-inner\">\n\t\t<div class=\"mkdf-eh-item-content mkdf-eh-custom-257232\" style=\"padding: 52px 0% 0px\">\n\t\t\t[vc_column_text css=\u00a0\u00bb.vc_custom_1624623647230{padding-bottom: 2px !important;}\u00a0\u00bb]<\/p>\n<h3>Quels sont les avantages de la thermoablation et fais-je partie des patients sur lesquels cette th\u00e9rapie peut \u00eatre administr\u00e9e ?<\/h3>\n<p>[\/vc_column_text][vc_column_text]La thermoablation est une proc\u00e9dure peu invasive et sans cicatrice. La proc\u00e9dure dure en moyenne 15 \u00e0 60 minutes et peut \u00eatre effectu\u00e9e en ambulatoire. La thermoablation ne n\u00e9cessite pas d&rsquo;anesth\u00e9sie g\u00e9n\u00e9rale, ce qui \u00e9limine tous les risques qui y sont associ\u00e9s.<\/p>\n<p>La thermoablation est une proc\u00e9dure de pr\u00e9servation de la fonction qui \u00e9pargne le tissu thyro\u00efdien sain. La prise de m\u00e9dicaments pour soutenir la fonction thyro\u00efdienne n&rsquo;est pas pr\u00e9vue en cas d&rsquo;ablation de la thyro\u00efde.<\/p>\n<p>Concr\u00e8tement, les troubles thyro\u00efdiens suivants sont consid\u00e9r\u00e9s comme susceptibles d&rsquo;\u00eatre trait\u00e9s :<\/p>\n<ul>\n<li>Formation de nodules b\u00e9nins symptomatiques<\/li>\n<li>Kystes thyro\u00efdiens symptomatiques<\/li>\n<li>Formation de kystes ou nodules b\u00e9nins \u00e0 croissance rapide<\/li>\n<li>si le nodule ou le kyste provoque une g\u00eane<\/li>\n<li>Nodules ou formation de kystes visibles<\/li>\n<li>Formation de nodules \u00ab\u00a0chauds\u00a0\u00bb, si un traitement \u00e0 l&rsquo;iode radioactif n&rsquo;est pas souhait\u00e9<\/li>\n<li>Les patients ne souhaitant pas \u00eatre op\u00e9r\u00e9s<\/li>\n<li>Les patients pouvant uniquement subir une intervention chirurgicale limit\u00e9e ou ne pouvant pas b\u00e9n\u00e9ficier d&rsquo;une anesth\u00e9sie<\/li>\n<\/ul>\n<p>[\/vc_column_text][vc_empty_space height=\u00a0\u00bb90px\u00a0\u00bb]\t\t<\/div>\n\t<\/div>\n<\/div><\/div>[\/vc_column][vc_column offset=\u00a0\u00bbvc_col-lg-6 vc_col-md-12 vc_col-xs-12&Prime;][vc_hoverbox image=\u00a0\u00bb10527&Prime; primary_title=\u00a0\u00bb\u00a0\u00bb hover_title=\u00a0\u00bbQuerschnitt\u00a0\u00bb css_animation=\u00a0\u00bbbounceIn\u00a0\u00bb]Illustration eines Querschnitts durch die Hals- und Schilddr\u00fcsenregion. Die Nadel erzeugt umderen Spitze kleine Hitzefelder, die eine zielgenaue Ver\u00f6dung knotiger Schilddr\u00fcsenareale erm\u00f6glichen.[\/vc_hoverbox][vc_empty_space height=\u00a0\u00bb50px\u00a0\u00bb][vc_hoverbox image=\u00a0\u00bb10528&Prime; primary_title=\u00a0\u00bb\u00a0\u00bb hover_title=\u00a0\u00bbEinstichgr\u00f6sse\u00a0\u00bb css_animation=\u00a0\u00bbbounceIn\u00a0\u00bb]Abbildung der Punktionsstelle rund einen Monat nach der Thermoablation: Der Schilddr\u00fcsenknoten wurde komplett behandelt, ohne dass sichtbare Narben zur\u00fcckgeblieben sind.[\/vc_hoverbox][vc_empty_space height=\u00a0\u00bb50px\u00a0\u00bb][\/vc_column][vc_column offset=\u00a0\u00bbvc_col-lg-6 vc_col-xs-12&Prime;]<div class=\"mkdf-elements-holder mkdf-one-column mkdf-responsive-mode-768\" ><div class=\"mkdf-eh-item \"  data-item-class=\"mkdf-eh-custom-636632\" data-1280-1600=\"52px 0% 0px\" data-1024-1280=\"38px 0% 0px\" data-768-1024=\"0px 0%\" data-600-768=\"0px 0%\" data-480-600=\"0px 0%\" data-480=\"0px 0%\">\n\t<div class=\"mkdf-eh-item-inner\">\n\t\t<div class=\"mkdf-eh-item-content mkdf-eh-custom-636632\" style=\"padding: 40px 0% 0px\">\n\t\t\t[vc_column_text css=\u00a0\u00bb.vc_custom_1624623906285{margin-top: -18px !important;padding-bottom: 2px !important;}\u00a0\u00bb]<\/p>\n<h3>Proc\u00e9dure de traitement d&rsquo;une thermoablation ?<\/h3>\n<p>[\/vc_column_text][vc_column_text]La proc\u00e9dure ne n\u00e9cessite pas d&rsquo;anesth\u00e9sie g\u00e9n\u00e9rale, c&rsquo;est-\u00e0-dire que les patients se rendent dans la salle d&rsquo;intervention apr\u00e8s les pr\u00e9parations appropri\u00e9es et prennent place sur la table d&rsquo;examen m\u00e9dical. Le patient est ensuite recouvert de draps st\u00e9riles, son cou est d\u00e9sinfect\u00e9 et sa t\u00eate est plac\u00e9e dans une position l\u00e9g\u00e8rement \u00e9tir\u00e9e avec un petit coussin. Le m\u00e9decin utilise une fine aiguille pour placer un anesth\u00e9sique local sous la peau et sous la capsule thyro\u00efdienne, ce qui permet d&rsquo;\u00e9viter la douleur.<\/p>\n<p>Ensuite, la sonde scl\u00e9rosante proprement dite est ins\u00e9r\u00e9e dans les nodules, qui sont ensuite scl\u00e9ros\u00e9s gr\u00e2ce \u00e0 la chaleur g\u00e9n\u00e9r\u00e9e pr\u00e9cis\u00e9ment \u00e0 l&rsquo;extr\u00e9mit\u00e9 de la sonde. Selon la taille et le nombre de nodules \u00e0 traiter, la proc\u00e9dure prend environ 15 \u00e0 60 minutes. Ensuite, un petit pansement est pos\u00e9 sur le point de ponction et la r\u00e9gion du cou trait\u00e9e est refroidie \u00e0 l&rsquo;aide de packs r\u00e9frig\u00e9rants.[\/vc_column_text]\t\t<\/div>\n\t<\/div>\n<\/div><\/div>[\/vc_column][vc_column]<div class=\"mkdf-elements-holder mkdf-one-column mkdf-responsive-mode-768\" ><div class=\"mkdf-eh-item \"  data-item-class=\"mkdf-eh-custom-955570\" data-1280-1600=\"52px 0% 0px\" data-1024-1280=\"39px 0% 0px\" data-768-1024=\"0px 0%\" data-600-768=\"0px 0%\" data-480-600=\"0px 0%\" data-480=\"0px 0%\">\n\t<div class=\"mkdf-eh-item-inner\">\n\t\t<div class=\"mkdf-eh-item-content mkdf-eh-custom-955570\" style=\"padding: 52px 0% 0px\">\n\t\t\t[vc_column_text css=\u00a0\u00bb.vc_custom_1624623945128{padding-bottom: 2px !important;}\u00a0\u00bb]<\/p>\n<h3>Qu&rsquo;advient-il du nodule trait\u00e9 apr\u00e8s la thermoablation ?<\/h3>\n<p>[\/vc_column_text][vc_column_text]Les cellules mortes d&rsquo;un nodule thyro\u00efdien trait\u00e9 sont d\u00e9truites par le syst\u00e8me immunitaire de l&rsquo;organisme dans les semaines qui suivent l&rsquo;intervention. Apr\u00e8s 2 \u00e0 3 semaines, les patients remarquent d\u00e9j\u00e0 que le nodule a r\u00e9tr\u00e9ci. Les nodules kystiques se r\u00e9sorbent plus rapidement que les nodules solides. Apr\u00e8s un an, le taux de r\u00e9sorption du nodule est g\u00e9n\u00e9ralement de 60 \u00e0 90 %. Dans la mesure o\u00f9 le tissu nodal est transform\u00e9 en tissu cicatriciel par le traitement et o\u00f9 il ne reste plus de tissu thyro\u00efdien actif, un nodule bien trait\u00e9 ne repoussera pas.[\/vc_column_text][vc_empty_space][vc_gallery type=\u00a0\u00bbimage_grid\u00a0\u00bb images=\u00a0\u00bb10532,10531&Prime; css_animation=\u00a0\u00bbbounceIn\u00a0\u00bb]\t\t<\/div>\n\t<\/div>\n<\/div><\/div>[\/vc_column][\/vc_row][vc_row row_content_width=\u00a0\u00bbgrid\u00a0\u00bb css=\u00a0\u00bb.vc_custom_1593027084164{padding-top: 12px !important;padding-bottom: 68px !important;}\u00a0\u00bb][vc_column offset=\u00a0\u00bbvc_col-md-4 vc_col-xs-12&Prime;][vc_column_text]<\/p>\n<h3>Nodules thyro\u00efdiens<\/h3>\n<p>[\/vc_column_text][vc_column_text]Tout savoir au sujet des nodules thyro\u00efdiens[\/vc_column_text][vc_empty_space height=\u00a0\u00bb30px\u00a0\u00bb]<a itemprop=\"url\" href=\"http:\/\/schilddruesen-therapie.ch\/fr\/schilddruesenknoten\/\" target=\"_self\"  class=\"mkdf-btn mkdf-btn-medium mkdf-btn-solid mkdf-btn-solid-dark mkdf-btn-icon\"  >\n    <span class=\"mkdf-btn-text\">En savoir plus<\/span>\n    <span class=\"mkdf-btn-icon-holder\">\n        <span class=\"mkdf-btn-icon-normal\" ><i class=\"mkdf-icon-ion-icon ion-chevron-right \" ><\/i><\/span>\n        <span class=\"mkdf-btn-icon-flip\" ><i class=\"mkdf-icon-ion-icon ion-chevron-right \" ><\/i><\/span>\n    <\/span>\n<\/a>[vc_empty_space height=\u00a0\u00bb30px\u00a0\u00bb][\/vc_column][vc_column offset=\u00a0\u00bbvc_col-md-4 vc_col-xs-12&Prime;][vc_column_text]<\/p>\n<h3>En savoir plus sur la thyro\u00efde<\/h3>\n<p>[\/vc_column_text][vc_column_text]D\u00e9couvrez \u00e0 quoi sert la thyro\u00efde et quels dysfonctionnements elle peut avoir.[\/vc_column_text][vc_empty_space height=\u00a0\u00bb30px\u00a0\u00bb]<a itemprop=\"url\" href=\"http:\/\/schilddruesen-therapie.ch\/fr\/schilddruese\/\" target=\"_self\"  class=\"mkdf-btn mkdf-btn-medium mkdf-btn-solid mkdf-btn-solid-dark mkdf-btn-icon\"  >\n    <span class=\"mkdf-btn-text\">En savoir plus<\/span>\n    <span class=\"mkdf-btn-icon-holder\">\n        <span class=\"mkdf-btn-icon-normal\" ><i class=\"mkdf-icon-ion-icon ion-chevron-right \" ><\/i><\/span>\n        <span class=\"mkdf-btn-icon-flip\" ><i class=\"mkdf-icon-ion-icon ion-chevron-right \" ><\/i><\/span>\n    <\/span>\n<\/a>[vc_empty_space height=\u00a0\u00bb30px\u00a0\u00bb][\/vc_column][vc_column offset=\u00a0\u00bbvc_col-md-4 vc_col-xs-12&Prime;][vc_column_text]<\/p>\n<h3>En savoir plus sur nos sp\u00e9cialistes confirm\u00e9s<\/h3>\n<p>[\/vc_column_text][vc_column_text]<\/p>\n<p class=\"mkdf-st-text\">Vous \u00eates entre de bonnes mains en ce qui concerne tous les probl\u00e8mes dans ce domaine<\/p>\n<p>[\/vc_column_text][vc_empty_space height=\u00a0\u00bb30px\u00a0\u00bb]<a itemprop=\"url\" href=\"http:\/\/schilddruesen-therapie.ch\/fr\/aerzte\/\" target=\"_self\"  class=\"mkdf-btn mkdf-btn-medium mkdf-btn-solid mkdf-btn-solid-dark mkdf-btn-icon\"  >\n    <span class=\"mkdf-btn-text\">En savoir plus<\/span>\n    <span class=\"mkdf-btn-icon-holder\">\n        <span class=\"mkdf-btn-icon-normal\" ><i class=\"mkdf-icon-ion-icon ion-chevron-right \" ><\/i><\/span>\n        <span class=\"mkdf-btn-icon-flip\" ><i class=\"mkdf-icon-ion-icon ion-chevron-right \" ><\/i><\/span>\n    <\/span>\n<\/a>[vc_empty_space height=\u00a0\u00bb30px\u00a0\u00bb][\/vc_column][\/vc_row]<\/p>\n<\/div>","protected":false},"excerpt":{"rendered":"<p>[vc_row row_content_width=\u00a0\u00bbgrid\u00a0\u00bb content_text_aligment=\u00a0\u00bbcenter\u00a0\u00bb css=\u00a0\u00bb.vc_custom_1494253612747{padding-top: 83px !important;padding-bottom: 15px !important;}\u00a0\u00bb][vc_column][\/vc_column][\/vc_row][vc_row row_content_width=\u00a0\u00bbgrid\u00a0\u00bb css=\u00a0\u00bb.vc_custom_1593025094484{padding-top: 36px !important;}\u00a0\u00bb simple_background_color=\u00a0\u00bb#fafafa\u00a0\u00bb][vc_column offset=\u00a0\u00bbvc_col-lg-6 vc_col-xs-12&Prime;][vc_column_text]Le terme thermoablation est compos\u00e9 du grec \u00ab\u00a0therm\u00f3s\u00a0\u00bb (allemand : ti\u00e8de, chaud) et du latin \u00ab\u00a0ablatio\u00a0\u00bb (allemand : ablation, retrait). Par cons\u00e9quent, la thermoablation d\u00e9signe les [&hellip;]<\/p>\n","protected":false},"author":1,"featured_media":0,"parent":0,"menu_order":0,"comment_status":"closed","ping_status":"closed","template":"full-width.php","meta":{"footnotes":""},"class_list":["post-10623","page","type-page","status-publish","hentry"],"_links":{"self":[{"href":"https:\/\/www.schilddruesen-therapie.ch\/fr\/wp-json\/wp\/v2\/pages\/10623","targetHints":{"allow":["GET"]}}],"collection":[{"href":"https:\/\/www.schilddruesen-therapie.ch\/fr\/wp-json\/wp\/v2\/pages"}],"about":[{"href":"https:\/\/www.schilddruesen-therapie.ch\/fr\/wp-json\/wp\/v2\/types\/page"}],"author":[{"embeddable":true,"href":"https:\/\/www.schilddruesen-therapie.ch\/fr\/wp-json\/wp\/v2\/users\/1"}],"replies":[{"embeddable":true,"href":"https:\/\/www.schilddruesen-therapie.ch\/fr\/wp-json\/wp\/v2\/comments?post=10623"}],"version-history":[{"count":5,"href":"https:\/\/www.schilddruesen-therapie.ch\/fr\/wp-json\/wp\/v2\/pages\/10623\/revisions"}],"predecessor-version":[{"id":10628,"href":"https:\/\/www.schilddruesen-therapie.ch\/fr\/wp-json\/wp\/v2\/pages\/10623\/revisions\/10628"}],"wp:attachment":[{"href":"https:\/\/www.schilddruesen-therapie.ch\/fr\/wp-json\/wp\/v2\/media?parent=10623"}],"curies":[{"name":"wp","href":"https:\/\/api.w.org\/{rel}","templated":true}]}}