{"id":10636,"date":"2017-04-20T14:56:27","date_gmt":"2017-04-20T14:56:27","guid":{"rendered":"http:\/\/schilddruesen-therapie.ch.w020231b.kasserver.com\/kontakt\/"},"modified":"2021-06-25T16:05:08","modified_gmt":"2021-06-25T14:05:08","slug":"kontakt","status":"publish","type":"page","link":"https:\/\/www.schilddruesen-therapie.ch\/fr\/kontakt\/","title":{"rendered":"Contact"},"content":{"rendered":"<div class=\"wpb-content-wrapper\"><p>[vc_row row_content_width=\u00a0\u00bbgrid\u00a0\u00bb css=\u00a0\u00bb.vc_custom_1593366580446{padding-top: 83px !important;padding-bottom: 15px !important;}\u00a0\u00bb][vc_column offset=\u00a0\u00bbvc_col-lg-6 vc_col-xs-12&Prime; css=\u00a0\u00bb.vc_custom_1593366905664{margin-top: -32px !important;}\u00a0\u00bb][vc_column_text]<\/p>\n<h3>Je dois me faire op\u00e9rer, et maintenant ?<\/h3>\n<p>[\/vc_column_text][vc_column_text]Une intervention chirurgicale soul\u00e8ve des questions. Est-ce le meilleur moyen ou existe-t-il des alternatives ? Quel est le bon m\u00e9decin pour cette intervention ? Trouvez le meilleur traitement m\u00e9dical de mani\u00e8re cibl\u00e9e pour vous r\u00e9tablir. Utilisez le deuxi\u00e8me avis m\u00e9dical neutre.[\/vc_column_text][vc_column_text]<strong>Une coordination pour vous :<\/strong><\/p>\n<ul>\n<li>Contactez-nous via le formulaire de contact, par e-mail ou par t\u00e9l\u00e9phone<\/li>\n<li>Vous serez ensuite contact\u00e9 par l&rsquo;un de nos m\u00e9decins dans les deux jours ouvrables<\/li>\n<li>Il en discutera avec vous et, si n\u00e9cessaire, fixera un rendez-vous pour le deuxi\u00e8me avis dans les plus brefs d\u00e9lais<\/li>\n<\/ul>\n<p>[\/vc_column_text][vc_empty_space][\/vc_column][vc_column offset=\u00a0\u00bbvc_col-lg-6 vc_col-xs-12&Prime;][vc_raw_html]JTVCd3Bmb3JtcyUyMGlkJTNEJTIyMTA2NDElMjIlMjB0aXRsZSUzRCUyMmZhbHNlJTIyJTVE[\/vc_raw_html][vc_empty_space][\/vc_column][\/vc_row]<\/p>\n<\/div>","protected":false},"excerpt":{"rendered":"<p>[vc_row row_content_width=\u00a0\u00bbgrid\u00a0\u00bb css=\u00a0\u00bb.vc_custom_1593366580446{padding-top: 83px !important;padding-bottom: 15px !important;}\u00a0\u00bb][vc_column offset=\u00a0\u00bbvc_col-lg-6 vc_col-xs-12&Prime; css=\u00a0\u00bb.vc_custom_1593366905664{margin-top: -32px !important;}\u00a0\u00bb][vc_column_text] Je dois me faire op\u00e9rer, et maintenant ? [\/vc_column_text][vc_column_text]Une intervention chirurgicale soul\u00e8ve des questions. Est-ce le meilleur moyen ou existe-t-il des alternatives ? Quel est le bon m\u00e9decin [&hellip;]<\/p>\n","protected":false},"author":1,"featured_media":0,"parent":0,"menu_order":0,"comment_status":"closed","ping_status":"closed","template":"full-width.php","meta":{"footnotes":""},"class_list":["post-10636","page","type-page","status-publish","hentry"],"_links":{"self":[{"href":"https:\/\/www.schilddruesen-therapie.ch\/fr\/wp-json\/wp\/v2\/pages\/10636","targetHints":{"allow":["GET"]}}],"collection":[{"href":"https:\/\/www.schilddruesen-therapie.ch\/fr\/wp-json\/wp\/v2\/pages"}],"about":[{"href":"https:\/\/www.schilddruesen-therapie.ch\/fr\/wp-json\/wp\/v2\/types\/page"}],"author":[{"embeddable":true,"href":"https:\/\/www.schilddruesen-therapie.ch\/fr\/wp-json\/wp\/v2\/users\/1"}],"replies":[{"embeddable":true,"href":"https:\/\/www.schilddruesen-therapie.ch\/fr\/wp-json\/wp\/v2\/comments?post=10636"}],"version-history":[{"count":5,"href":"https:\/\/www.schilddruesen-therapie.ch\/fr\/wp-json\/wp\/v2\/pages\/10636\/revisions"}],"predecessor-version":[{"id":10642,"href":"https:\/\/www.schilddruesen-therapie.ch\/fr\/wp-json\/wp\/v2\/pages\/10636\/revisions\/10642"}],"wp:attachment":[{"href":"https:\/\/www.schilddruesen-therapie.ch\/fr\/wp-json\/wp\/v2\/media?parent=10636"}],"curies":[{"name":"wp","href":"https:\/\/api.w.org\/{rel}","templated":true}]}}